{"id":1120,"date":"2024-10-03T13:16:28","date_gmt":"2024-10-03T13:16:28","guid":{"rendered":"https:\/\/306cma.com\/?page_id=1120"},"modified":"2025-02-28T20:24:11","modified_gmt":"2025-02-28T20:24:11","slug":"1120-2","status":"publish","type":"page","link":"https:\/\/www.306cma.com\/fr\/1120-2\/","title":{"rendered":"Contactez-nous"},"content":{"rendered":"<div data-elementor-type=\"wp-page\" data-elementor-id=\"1120\" class=\"elementor elementor-1120\">\n\t\t\t\t<div class=\"elementor-element elementor-element-6dd92d0 e-flex e-con-boxed e-con e-parent\" data-id=\"6dd92d0\" data-element_type=\"container\" data-e-type=\"container\">\n\t\t\t\t\t<div class=\"e-con-inner\">\n\t\t\t\t<div class=\"elementor-element elementor-element-0787607 elementor-widget elementor-widget-spacer\" data-id=\"0787607\" data-element_type=\"widget\" data-e-type=\"widget\" data-widget_type=\"spacer.default\">\n\t\t\t\t<div class=\"elementor-widget-container\">\n\t\t\t\t\t\t\t<div class=\"elementor-spacer\">\n\t\t\t<div class=\"elementor-spacer-inner\"><\/div>\n\t\t<\/div>\n\t\t<style id=\"core-0787607-core-block-supports-inline-css\"><\/style>\t\t\t\t<\/div>\n\t\t\t\t<\/div>\n\t\t\t\t\t<\/div>\n\t\t\t\t<\/div>\n\t\t<div class=\"elementor-element elementor-element-7f3b451 e-flex e-con-boxed e-con e-parent\" data-id=\"7f3b451\" data-element_type=\"container\" data-e-type=\"container\">\n\t\t\t\t\t<div class=\"e-con-inner\">\n\t\t<div class=\"elementor-element elementor-element-f654692 e-con-full e-flex e-con e-child\" data-id=\"f654692\" data-element_type=\"container\" data-e-type=\"container\">\n\t\t<div class=\"elementor-element elementor-element-1f7659e e-con-full e-flex e-con e-child\" data-id=\"1f7659e\" data-element_type=\"container\" data-e-type=\"container\">\n\t\t\t\t<div class=\"elementor-element elementor-element-aa49828 elementor-widget elementor-widget-heading\" data-id=\"aa49828\" data-element_type=\"widget\" data-e-type=\"widget\" data-widget_type=\"heading.default\">\n\t\t\t\t<div class=\"elementor-widget-container\">\n\t\t\t\t\t<h2 class=\"elementor-heading-title elementor-size-default\">Contactez-nous<\/h2><style id=\"core-aa49828-core-block-supports-inline-css\"><\/style>\t\t\t\t<\/div>\n\t\t\t\t<\/div>\n\t\t\t\t<\/div>\n\t\t<div class=\"elementor-element elementor-element-b653320 e-con-full e-flex e-con e-child\" data-id=\"b653320\" data-element_type=\"container\" data-e-type=\"container\">\n\t\t<div class=\"elementor-element elementor-element-f29005d e-con-full e-flex e-con e-child\" data-id=\"f29005d\" data-element_type=\"container\" data-e-type=\"container\" data-settings=\"{&quot;background_background&quot;:&quot;classic&quot;}\">\n\t\t<div class=\"elementor-element elementor-element-56a37c2 e-flex e-con-boxed e-con e-child\" data-id=\"56a37c2\" data-element_type=\"container\" data-e-type=\"container\">\n\t\t\t\t\t<div class=\"e-con-inner\">\n\t\t<div class=\"elementor-element elementor-element-4e626bd e-con-full e-flex e-con e-child\" data-id=\"4e626bd\" data-element_type=\"container\" data-e-type=\"container\">\n\t\t\t\t<div class=\"elementor-element elementor-element-cb659fa elementor-widget elementor-widget-heading\" data-id=\"cb659fa\" data-element_type=\"widget\" data-e-type=\"widget\" data-widget_type=\"heading.default\">\n\t\t\t\t<div class=\"elementor-widget-container\">\n\t\t\t\t\t<h2 class=\"elementor-heading-title elementor-size-default\"><strong>Discutons-en !<\/strong><\/h2><style id=\"core-cb659fa-core-block-supports-inline-css\"><\/style>\t\t\t\t<\/div>\n\t\t\t\t<\/div>\n\t\t\t\t<div class=\"elementor-element elementor-element-418c318 elementor-widget elementor-widget-text-editor\" data-id=\"418c318\" data-element_type=\"widget\" data-e-type=\"widget\" data-widget_type=\"text-editor.default\">\n\t\t\t\t<div class=\"elementor-widget-container\">\n\t\t\t\t\t\t\t\t\t<p class=\"translation-block\">Partagez vos id\u00e9es :<br>Qu\u2019il s\u2019agisse d\u2019un projet professionnel ou simplement de bonnes ondes, nous sommes pr\u00eats \u00e0 vous \u00e9couter.<\/p>\t\t\t\t<style id=\"core-418c318-core-block-supports-inline-css\"><\/style>\t\t\t\t<\/div>\n\t\t\t\t<\/div>\n\t\t\t\t<div class=\"elementor-element elementor-element-d9e97ca elementor-widget elementor-widget-text-editor\" data-id=\"d9e97ca\" data-element_type=\"widget\" data-e-type=\"widget\" data-widget_type=\"text-editor.default\">\n\t\t\t\t<div class=\"elementor-widget-container\">\n\t\t\t\t\t\t\t\t\t<p><strong>E-mail:<\/strong> \u2003Onit@306cma.com<br \/><strong>WhatsApp:<\/strong> \u2003+221 78 388 15 63<\/p><p class=\"translation-block\"><strong>Bas\u00e9s \u00e0 :<\/strong> \u2003Dakar, S\u00e9n\u00e9gal<\/p>\t\t\t\t<style id=\"core-d9e97ca-core-block-supports-inline-css\"><\/style>\t\t\t\t<\/div>\n\t\t\t\t<\/div>\n\t\t\t\t<\/div>\n\t\t<div class=\"elementor-element elementor-element-e9f5b4e e-con-full e-flex e-con e-child\" data-id=\"e9f5b4e\" data-element_type=\"container\" data-e-type=\"container\">\n\t\t\t\t<div class=\"elementor-element elementor-element-7214588 elementor-widget elementor-widget-text-editor\" data-id=\"7214588\" data-element_type=\"widget\" data-e-type=\"widget\" data-widget_type=\"text-editor.default\">\n\t\t\t\t<div class=\"elementor-widget-container\">\n\t\t\t\t\t\t\t\t\t<p>Suivez-nous et envoyez-nous un message priv\u00e9 quand vous voulez :<\/p><p>\u00a0<\/p>\t\t\t\t<style id=\"core-7214588-core-block-supports-inline-css\"><\/style>\t\t\t\t<\/div>\n\t\t\t\t<\/div>\n\t\t\t\t<div class=\"elementor-element elementor-element-2453b57 elementor-shape-square e-grid-align-left elementor-grid-0 elementor-widget elementor-widget-social-icons\" data-id=\"2453b57\" data-element_type=\"widget\" data-e-type=\"widget\" data-widget_type=\"social-icons.default\">\n\t\t\t\t<div class=\"elementor-widget-container\">\n\t\t\t\t\t\t\t<div class=\"elementor-social-icons-wrapper elementor-grid\" role=\"list\">\n\t\t\t\t\t\t\t<span class=\"elementor-grid-item\" role=\"listitem\">\n\t\t\t\t\t<a class=\"elementor-icon elementor-social-icon elementor-social-icon-instagram elementor-repeater-item-5449689\" target=\"_blank\">\n\t\t\t\t\t\t<span class=\"elementor-screen-only\">Instagram<\/span>\n\t\t\t\t\t\t<svg aria-hidden=\"true\" class=\"e-font-icon-svg e-fab-instagram\" viewbox=\"0 0 448 512\" xmlns=\"http:\/\/www.w3.org\/2000\/svg\"><path d=\"M224.1 141c-63.6 0-114.9 51.3-114.9 114.9s51.3 114.9 114.9 114.9S339 319.5 339 255.9 287.7 141 224.1 141zm0 189.6c-41.1 0-74.7-33.5-74.7-74.7s33.5-74.7 74.7-74.7 74.7 33.5 74.7 74.7-33.6 74.7-74.7 74.7zm146.4-194.3c0 14.9-12 26.8-26.8 26.8-14.9 0-26.8-12-26.8-26.8s12-26.8 26.8-26.8 26.8 12 26.8 26.8zm76.1 27.2c-1.7-35.9-9.9-67.7-36.2-93.9-26.2-26.2-58-34.4-93.9-36.2-37-2.1-147.9-2.1-184.9 0-35.8 1.7-67.6 9.9-93.9 36.1s-34.4 58-36.2 93.9c-2.1 37-2.1 147.9 0 184.9 1.7 35.9 9.9 67.7 36.2 93.9s58 34.4 93.9 36.2c37 2.1 147.9 2.1 184.9 0 35.9-1.7 67.7-9.9 93.9-36.2 26.2-26.2 34.4-58 36.2-93.9 2.1-37 2.1-147.8 0-184.8zM398.8 388c-7.8 19.6-22.9 34.7-42.6 42.6-29.5 11.7-99.5 9-132.1 9s-102.7 2.6-132.1-9c-19.6-7.8-34.7-22.9-42.6-42.6-11.7-29.5-9-99.5-9-132.1s-2.6-102.7 9-132.1c7.8-19.6 22.9-34.7 42.6-42.6 29.5-11.7 99.5-9 132.1-9s102.7-2.6 132.1 9c19.6 7.8 34.7 22.9 42.6 42.6 11.7 29.5 9 99.5 9 132.1s2.7 102.7-9 132.1z\"><\/path><\/svg>\t\t\t\t\t<\/a>\n\t\t\t\t<\/span>\n\t\t\t\t\t\t\t<span class=\"elementor-grid-item\" role=\"listitem\">\n\t\t\t\t\t<a class=\"elementor-icon elementor-social-icon elementor-social-icon-facebook elementor-repeater-item-fbf8f2e\" target=\"_blank\">\n\t\t\t\t\t\t<span class=\"elementor-screen-only\">Facebook<\/span>\n\t\t\t\t\t\t<svg aria-hidden=\"true\" class=\"e-font-icon-svg e-fab-facebook\" viewbox=\"0 0 512 512\" xmlns=\"http:\/\/www.w3.org\/2000\/svg\"><path d=\"M504 256C504 119 393 8 256 8S8 119 8 256c0 123.78 90.69 226.38 209.25 245V327.69h-63V256h63v-54.64c0-62.15 37-96.48 93.67-96.48 27.14 0 55.52 4.84 55.52 4.84v61h-31.28c-30.8 0-40.41 19.12-40.41 38.73V256h68.78l-11 71.69h-57.78V501C413.31 482.38 504 379.78 504 256z\"><\/path><\/svg>\t\t\t\t\t<\/a>\n\t\t\t\t<\/span>\n\t\t\t\t\t\t\t<span class=\"elementor-grid-item\" role=\"listitem\">\n\t\t\t\t\t<a class=\"elementor-icon elementor-social-icon elementor-social-icon-whatsapp elementor-repeater-item-e748b29\" target=\"_blank\">\n\t\t\t\t\t\t<span class=\"elementor-screen-only\">Whatsapp<\/span>\n\t\t\t\t\t\t<svg aria-hidden=\"true\" class=\"e-font-icon-svg e-fab-whatsapp\" viewbox=\"0 0 448 512\" xmlns=\"http:\/\/www.w3.org\/2000\/svg\"><path d=\"M380.9 97.1C339 55.1 283.2 32 223.9 32c-122.4 0-222 99.6-222 222 0 39.1 10.2 77.3 29.6 111L0 480l117.7-30.9c32.4 17.7 68.9 27 106.1 27h.1c122.3 0 224.1-99.6 224.1-222 0-59.3-25.2-115-67.1-157zm-157 341.6c-33.2 0-65.7-8.9-94-25.7l-6.7-4-69.8 18.3L72 359.2l-4.4-7c-18.5-29.4-28.2-63.3-28.2-98.2 0-101.7 82.8-184.5 184.6-184.5 49.3 0 95.6 19.2 130.4 54.1 34.8 34.9 56.2 81.2 56.1 130.5 0 101.8-84.9 184.6-186.6 184.6zm101.2-138.2c-5.5-2.8-32.8-16.2-37.9-18-5.1-1.9-8.8-2.8-12.5 2.8-3.7 5.6-14.3 18-17.6 21.8-3.2 3.7-6.5 4.2-12 1.4-32.6-16.3-54-29.1-75.5-66-5.7-9.8 5.7-9.1 16.3-30.3 1.8-3.7.9-6.9-.5-9.7-1.4-2.8-12.5-30.1-17.1-41.2-4.5-10.8-9.1-9.3-12.5-9.5-3.2-.2-6.9-.2-10.6-.2-3.7 0-9.7 1.4-14.8 6.9-5.1 5.6-19.4 19-19.4 46.3 0 27.3 19.9 53.7 22.6 57.4 2.8 3.7 39.1 59.7 94.8 83.8 35.2 15.2 49 16.5 66.6 13.9 10.7-1.6 32.8-13.4 37.4-26.4 4.6-13 4.6-24.1 3.2-26.4-1.3-2.5-5-3.9-10.5-6.6z\"><\/path><\/svg>\t\t\t\t\t<\/a>\n\t\t\t\t<\/span>\n\t\t\t\t\t<\/div>\n\t\t<style id=\"core-2453b57-core-block-supports-inline-css\"><\/style>\t\t\t\t<\/div>\n\t\t\t\t<\/div>\n\t\t\t\t<\/div>\n\t\t\t\t\t<\/div>\n\t\t\t\t<\/div>\n\t\t<div class=\"elementor-element elementor-element-59b5981 e-flex e-con-boxed e-con e-child\" data-id=\"59b5981\" data-element_type=\"container\" data-e-type=\"container\">\n\t\t\t\t\t<div class=\"e-con-inner\">\n\t\t\t\t<div class=\"elementor-element elementor-element-9f5f8bc elementor-widget elementor-widget-heading\" data-id=\"9f5f8bc\" data-element_type=\"widget\" data-e-type=\"widget\" data-widget_type=\"heading.default\">\n\t\t\t\t<div class=\"elementor-widget-container\">\n\t\t\t\t\t<h2 class=\"elementor-heading-title elementor-size-default\">Ou envoyez-nous un message<\/h2><style id=\"core-9f5f8bc-core-block-supports-inline-css\"><\/style>\t\t\t\t<\/div>\n\t\t\t\t<\/div>\n\t\t\t\t<div class=\"elementor-element elementor-element-76fca56 eael-wpforms-labels-yes eael-wpforms-form-button-custom elementor-widget elementor-widget-eael-wpforms\" data-id=\"76fca56\" data-element_type=\"widget\" data-e-type=\"widget\" data-widget_type=\"eael-wpforms.default\">\n\t\t\t\t<div class=\"elementor-widget-container\">\n\t\t\t\t\t            <div class=\"eael-contact-form eael-wpforms eael-wpforms-align-default\">\n                                <div class=\"wpforms-container\" id=\"wpforms-1711\"><form id=\"wpforms-form-1711\" class=\"wpforms-validate wpforms-form wpforms-ajax-form\" data-formid=\"1711\" method=\"post\" enctype=\"multipart\/form-data\" action=\"\/fr\/wp-json\/wp\/v2\/pages\/1120\" data-token=\"e65a016146822d060dd1ab0515bb08c6\" data-token-time=\"1777303890\" data-trp-original-action=\"\/fr\/wp-json\/wp\/v2\/pages\/1120\"><div class=\"wpforms-head-container\"><\/div><noscript class=\"wpforms-error-noscript\">Veuillez activer JavaScript dans votre navigateur pour remplir ce formulaire.<\/noscript><div class=\"wpforms-field-container\">\t\t<div id=\"wpforms-1711-field_4-container\"\n\t\t\tclass=\"wpforms-field wpforms-field-text\"\n\t\t\tdata-field-type=\"text\"\n\t\t\tdata-field-id=\"4\"\n\t\t\t>\n\t\t\t<label class=\"wpforms-field-label\" for=\"wpforms-1711-field_4\" >Message Email Whatsapp\/Phone<\/label>\n\t\t\t<input type=\"text\" id=\"wpforms-1711-field_4\" class=\"wpforms-field-medium\" name=\"wpforms[fields][4]\" >\n\t\t<\/div>\n\t\t<div id=\"wpforms-1711-field_1-container\" class=\"wpforms-field wpforms-field-name\" data-field-id=\"1\"><label class=\"wpforms-field-label\" for=\"wpforms-1711-field_1\">Nom <span class=\"wpforms-required-label\">*<\/span><\/label><input type=\"text\" id=\"wpforms-1711-field_1\" class=\"wpforms-field-medium wpforms-field-required\" name=\"wpforms[fields][1]\" required><\/div><div id=\"wpforms-1711-field_5-container\" class=\"wpforms-field wpforms-field-text\" data-field-id=\"5\"><label class=\"wpforms-field-label\" for=\"wpforms-1711-field_5\">Whatsapp\/Num\u00e9ro de t\u00e9l\u00e9phone <span class=\"wpforms-required-label\">*<\/span><\/label><input type=\"text\" id=\"wpforms-1711-field_5\" class=\"wpforms-field-medium wpforms-field-required\" name=\"wpforms[fields][5]\" value=\"+\" required><\/div><div id=\"wpforms-1711-field_2-container\" class=\"wpforms-field wpforms-field-email\" data-field-id=\"2\"><label class=\"wpforms-field-label\" for=\"wpforms-1711-field_2\">Email <span class=\"wpforms-required-label\">*<\/span><\/label><input type=\"email\" id=\"wpforms-1711-field_2\" class=\"wpforms-field-medium wpforms-field-required\" name=\"wpforms[fields][2]\" spellcheck=\"false\" required><\/div><div id=\"wpforms-1711-field_3-container\" class=\"wpforms-field wpforms-field-textarea\" data-field-id=\"3\"><label class=\"wpforms-field-label\" for=\"wpforms-1711-field_3\">Commentaire ou Message<\/label><textarea id=\"wpforms-1711-field_3\" class=\"wpforms-field-medium\" name=\"wpforms[fields][3]\" ><\/textarea><\/div><script>\n\t\t\t\t( function() {\n\t\t\t\t\tconst style = document.createElement( 'style' );\n\t\t\t\t\tstyle.appendChild( document.createTextNode( '#wpforms-1711-field_4-container { position: absolute !important; overflow: hidden !important; display: inline !important; height: 1px !important; width: 1px !important; z-index: -1000 !important; padding: 0 !important; } #wpforms-1711-field_4-container input { visibility: hidden; } #wpforms-conversational-form-page #wpforms-1711-field_4-container label { counter-increment: none; }' ) );\n\t\t\t\t\tdocument.head.appendChild( style );\n\t\t\t\t\tdocument.currentScript?.remove();\n\t\t\t\t} )();\n\t\t\t<\/script><\/div><!-- .wpforms-field-container --><div class=\"wpforms-recaptcha-container wpforms-is-recaptcha wpforms-is-recaptcha-type-v2\" ><div class=\"g-recaptcha\" data-sitekey=\"6LdgZvIqAAAAAC-hpfLBgzR41yOS1_Pnzu8SqBrh\"><\/div><input type=\"text\" name=\"g-recaptcha-hidden\" class=\"wpforms-recaptcha-hidden\" style=\"position:absolute!important;clip:rect(0,0,0,0)!important;height:1px!important;width:1px!important;border:0!important;overflow:hidden!important;padding:0!important;margin:0!important;\" data-rule-recaptcha=\"1\"><\/div><div class=\"wpforms-submit-container\" ><input type=\"hidden\" name=\"wpforms[id]\" value=\"1711\"><input type=\"hidden\" name=\"page_title\" value=\"\"><input type=\"hidden\" name=\"page_url\" value=\"https:\/\/www.306cma.com\/fr\/wp-json\/wp\/v2\/pages\/1120\"><input type=\"hidden\" name=\"url_referer\" value=\"\"><button type=\"submit\" name=\"wpforms[submit]\" id=\"wpforms-submit-1711\" class=\"wpforms-submit\" data-alt-text=\"Sending...\" data-submit-text=\"Submit\" aria-live=\"assertive\" value=\"wpforms-submit\">Envoyer<\/button><img decoding=\"async\" src=\"https:\/\/www.306cma.com\/wp-content\/plugins\/wpforms-lite\/assets\/images\/submit-spin.svg\" class=\"wpforms-submit-spinner\" style=\"display: none;\" width=\"26\" height=\"26\" alt=\"Chargement en cours\"><\/div><input type=\"hidden\" name=\"trp-form-language\" value=\"fr\"\/><\/form><\/div>  <!-- .wpforms-container -->            <\/div>\n<style id=\"core-76fca56-core-block-supports-inline-css\"><\/style>\t\t\t\t<\/div>\n\t\t\t\t<\/div>\n\t\t\t\t\t<\/div>\n\t\t\t\t<\/div>\n\t\t\t\t<\/div>\n\t\t\t\t<\/div>\n\t\t\t\t<\/div>\n\t\t\t\t\t<\/div>\n\t\t\t\t<\/div>\n\t\t\t\t<\/div>","protected":false},"excerpt":{"rendered":"<p>Contact Us Let\u2019s Chat ! Tell us your thoughts:Whether it\u2019s a business idea or just good vibes, we\u2019re ready for it. E-mail: \u2003Onit@306cma.comWhatsApp: \u2003+221 78 388 15 63 Based in: \u2003Dakar, Senegal Follow us and slide into our DMs anytime: \u00a0 Instagram Facebook Whatsapp Or Drop Us a Message Please enable JavaScript in your browser [&hellip;]<\/p>","protected":false},"author":1,"featured_media":0,"parent":0,"menu_order":0,"comment_status":"closed","ping_status":"closed","template":"","meta":{"_eb_attr":"","_uag_custom_page_level_css":"","_vp_format_video_url":"","_vp_image_focal_point":[],"footnotes":""},"class_list":["post-1120","page","type-page","status-publish","hentry"],"blocksy_meta":{"disable_header":"no","has_hero_section":"disabled","styles_descriptor":{"styles":{"desktop":"","tablet":"","mobile":""},"google_fonts":[],"version":6}},"yoast_head":"<!-- This site is optimized with the Yoast SEO plugin v26.0 - https:\/\/yoast.com\/wordpress\/plugins\/seo\/ -->\n<title>Contact Us | 306 Creative Media Agency<\/title>\n<meta name=\"description\" content=\"Contact Us Let\u2019s Chat ! Tell us your thoughts:Whether it\u2019s a business idea or just good vibes, we\u2019re ready for it.E-mail: \u2003Onit@306cma.comWhatsApp: \u2003+221\" \/>\n<meta name=\"robots\" content=\"index, follow, max-snippet:-1, max-image-preview:large, max-video-preview:-1\" \/>\n<link rel=\"canonical\" href=\"https:\/\/www.306cma.com\/fr\/1120-2\/\" \/>\n<meta property=\"og:locale\" content=\"fr_FR\" \/>\n<meta property=\"og:type\" content=\"article\" \/>\n<meta property=\"og:title\" content=\"Contact Us | 306 Creative Media Agency\" \/>\n<meta property=\"og:description\" content=\"Contact Us Let\u2019s Chat ! Tell us your thoughts:Whether it\u2019s a business idea or just good vibes, we\u2019re ready for it.E-mail: \u2003Onit@306cma.comWhatsApp: \u2003+221\" \/>\n<meta property=\"og:url\" content=\"https:\/\/www.306cma.com\/fr\/1120-2\/\" \/>\n<meta property=\"og:site_name\" content=\"306 Creative Media Agency\" \/>\n<meta property=\"article:publisher\" content=\"https:\/\/www.facebook.com\/306cma\" \/>\n<meta property=\"article:modified_time\" content=\"2025-02-28T20:24:11+00:00\" \/>\n<meta property=\"og:image\" content=\"https:\/\/www.306cma.com\/wp-content\/plugins\/wpforms-lite\/assets\/images\/submit-spin.svg\" \/>\n<meta name=\"twitter:card\" content=\"summary_large_image\" \/>\n<script type=\"application\/ld+json\" class=\"yoast-schema-graph\">{\"@context\":\"https:\/\/schema.org\",\"@graph\":[{\"@type\":\"WebPage\",\"@id\":\"https:\/\/www.306cma.com\/1120-2\/\",\"url\":\"https:\/\/www.306cma.com\/1120-2\/\",\"name\":\"Contact Us | 306 Creative Media Agency\",\"isPartOf\":{\"@id\":\"https:\/\/www.306cma.com\/#website\"},\"primaryImageOfPage\":{\"@id\":\"https:\/\/www.306cma.com\/1120-2\/#primaryimage\"},\"image\":{\"@id\":\"https:\/\/www.306cma.com\/1120-2\/#primaryimage\"},\"thumbnailUrl\":\"https:\/\/www.306cma.com\/wp-content\/plugins\/wpforms-lite\/assets\/images\/submit-spin.svg\",\"datePublished\":\"2024-10-03T13:16:28+00:00\",\"dateModified\":\"2025-02-28T20:24:11+00:00\",\"description\":\"Contact Us Let\u2019s Chat ! Tell us your thoughts:Whether it\u2019s a business idea or just good vibes, we\u2019re ready for it.E-mail: \u2003Onit@306cma.comWhatsApp: \u2003+221\",\"breadcrumb\":{\"@id\":\"https:\/\/www.306cma.com\/1120-2\/#breadcrumb\"},\"inLanguage\":\"fr-FR\",\"potentialAction\":[{\"@type\":\"ReadAction\",\"target\":[\"https:\/\/www.306cma.com\/1120-2\/\"]}]},{\"@type\":\"ImageObject\",\"inLanguage\":\"fr-FR\",\"@id\":\"https:\/\/www.306cma.com\/1120-2\/#primaryimage\",\"url\":\"https:\/\/www.306cma.com\/wp-content\/plugins\/wpforms-lite\/assets\/images\/submit-spin.svg\",\"contentUrl\":\"https:\/\/www.306cma.com\/wp-content\/plugins\/wpforms-lite\/assets\/images\/submit-spin.svg\"},{\"@type\":\"BreadcrumbList\",\"@id\":\"https:\/\/www.306cma.com\/1120-2\/#breadcrumb\",\"itemListElement\":[{\"@type\":\"ListItem\",\"position\":1,\"name\":\"Home\",\"item\":\"https:\/\/www.306cma.com\/\"},{\"@type\":\"ListItem\",\"position\":2,\"name\":\"Contact Us\"}]},{\"@type\":\"WebSite\",\"@id\":\"https:\/\/www.306cma.com\/#website\",\"url\":\"https:\/\/www.306cma.com\/\",\"name\":\"306 Creative Media Agency\",\"description\":\"Vision into action\",\"publisher\":{\"@id\":\"https:\/\/www.306cma.com\/#organization\"},\"alternateName\":\"306 CMA\",\"potentialAction\":[{\"@type\":\"SearchAction\",\"target\":{\"@type\":\"EntryPoint\",\"urlTemplate\":\"https:\/\/www.306cma.com\/?s={search_term_string}\"},\"query-input\":{\"@type\":\"PropertyValueSpecification\",\"valueRequired\":true,\"valueName\":\"search_term_string\"}}],\"inLanguage\":\"fr-FR\"},{\"@type\":\"Organization\",\"@id\":\"https:\/\/www.306cma.com\/#organization\",\"name\":\"306 Creative Media Agency\",\"alternateName\":\"306 CMA\",\"url\":\"https:\/\/www.306cma.com\/\",\"logo\":{\"@type\":\"ImageObject\",\"inLanguage\":\"fr-FR\",\"@id\":\"https:\/\/www.306cma.com\/#\/schema\/logo\/image\/\",\"url\":\"https:\/\/www.306cma.com\/wp-content\/uploads\/2024\/10\/icon.png\",\"contentUrl\":\"https:\/\/www.306cma.com\/wp-content\/uploads\/2024\/10\/icon.png\",\"width\":2000,\"height\":2000,\"caption\":\"306 Creative Media Agency\"},\"image\":{\"@id\":\"https:\/\/www.306cma.com\/#\/schema\/logo\/image\/\"},\"sameAs\":[\"https:\/\/www.facebook.com\/306cma\",\"https:\/\/www.instagram.com\/306cma\/\",\"https:\/\/www.instagram.com\/306.visuals\/\"]}]}<\/script>\n<!-- \/ Yoast SEO plugin. -->","yoast_head_json":{"title":"Contact Us | 306 Creative Media Agency","description":"Contact Us Let\u2019s Chat ! Tell us your thoughts:Whether it\u2019s a business idea or just good vibes, we\u2019re ready for it.E-mail: \u2003Onit@306cma.comWhatsApp: \u2003+221","robots":{"index":"index","follow":"follow","max-snippet":"max-snippet:-1","max-image-preview":"max-image-preview:large","max-video-preview":"max-video-preview:-1"},"canonical":"https:\/\/www.306cma.com\/fr\/1120-2\/","og_locale":"fr_FR","og_type":"article","og_title":"Contact Us | 306 Creative Media Agency","og_description":"Contact Us Let\u2019s Chat ! Tell us your thoughts:Whether it\u2019s a business idea or just good vibes, we\u2019re ready for it.E-mail: \u2003Onit@306cma.comWhatsApp: \u2003+221","og_url":"https:\/\/www.306cma.com\/fr\/1120-2\/","og_site_name":"306 Creative Media Agency","article_publisher":"https:\/\/www.facebook.com\/306cma","article_modified_time":"2025-02-28T20:24:11+00:00","og_image":[{"url":"https:\/\/www.306cma.com\/wp-content\/plugins\/wpforms-lite\/assets\/images\/submit-spin.svg","type":"","width":"","height":""}],"twitter_card":"summary_large_image","schema":{"@context":"https:\/\/schema.org","@graph":[{"@type":"WebPage","@id":"https:\/\/www.306cma.com\/1120-2\/","url":"https:\/\/www.306cma.com\/1120-2\/","name":"Contact Us | 306 Creative Media Agency","isPartOf":{"@id":"https:\/\/www.306cma.com\/#website"},"primaryImageOfPage":{"@id":"https:\/\/www.306cma.com\/1120-2\/#primaryimage"},"image":{"@id":"https:\/\/www.306cma.com\/1120-2\/#primaryimage"},"thumbnailUrl":"https:\/\/www.306cma.com\/wp-content\/plugins\/wpforms-lite\/assets\/images\/submit-spin.svg","datePublished":"2024-10-03T13:16:28+00:00","dateModified":"2025-02-28T20:24:11+00:00","description":"Contact Us Let\u2019s Chat ! Tell us your thoughts:Whether it\u2019s a business idea or just good vibes, we\u2019re ready for it.E-mail: \u2003Onit@306cma.comWhatsApp: \u2003+221","breadcrumb":{"@id":"https:\/\/www.306cma.com\/1120-2\/#breadcrumb"},"inLanguage":"fr-FR","potentialAction":[{"@type":"ReadAction","target":["https:\/\/www.306cma.com\/1120-2\/"]}]},{"@type":"ImageObject","inLanguage":"fr-FR","@id":"https:\/\/www.306cma.com\/1120-2\/#primaryimage","url":"https:\/\/www.306cma.com\/wp-content\/plugins\/wpforms-lite\/assets\/images\/submit-spin.svg","contentUrl":"https:\/\/www.306cma.com\/wp-content\/plugins\/wpforms-lite\/assets\/images\/submit-spin.svg"},{"@type":"BreadcrumbList","@id":"https:\/\/www.306cma.com\/1120-2\/#breadcrumb","itemListElement":[{"@type":"ListItem","position":1,"name":"Home","item":"https:\/\/www.306cma.com\/"},{"@type":"ListItem","position":2,"name":"Contact Us"}]},{"@type":"WebSite","@id":"https:\/\/www.306cma.com\/#website","url":"https:\/\/www.306cma.com\/","name":"306 Creative Media Agency","description":"Vision into action","publisher":{"@id":"https:\/\/www.306cma.com\/#organization"},"alternateName":"306 CMA","potentialAction":[{"@type":"SearchAction","target":{"@type":"EntryPoint","urlTemplate":"https:\/\/www.306cma.com\/?s={search_term_string}"},"query-input":{"@type":"PropertyValueSpecification","valueRequired":true,"valueName":"search_term_string"}}],"inLanguage":"fr-FR"},{"@type":"Organization","@id":"https:\/\/www.306cma.com\/#organization","name":"306 Creative Media Agency","alternateName":"306 CMA","url":"https:\/\/www.306cma.com\/","logo":{"@type":"ImageObject","inLanguage":"fr-FR","@id":"https:\/\/www.306cma.com\/#\/schema\/logo\/image\/","url":"https:\/\/www.306cma.com\/wp-content\/uploads\/2024\/10\/icon.png","contentUrl":"https:\/\/www.306cma.com\/wp-content\/uploads\/2024\/10\/icon.png","width":2000,"height":2000,"caption":"306 Creative Media Agency"},"image":{"@id":"https:\/\/www.306cma.com\/#\/schema\/logo\/image\/"},"sameAs":["https:\/\/www.facebook.com\/306cma","https:\/\/www.instagram.com\/306cma\/","https:\/\/www.instagram.com\/306.visuals\/"]}]}},"uagb_featured_image_src":{"full":false,"thumbnail":false,"medium":false,"medium_large":false,"large":false,"1536x1536":false,"2048x2048":false,"trp-custom-language-flag":false,"vp_sm":false,"vp_md":false,"vp_lg":false,"vp_xl":false,"vp_sm_popup":false,"vp_md_popup":false,"vp_xl_popup":false},"uagb_author_info":{"display_name":"philippsahdo@gmail.com","author_link":"https:\/\/www.306cma.com\/fr\/author\/philippsahdogmail-com\/"},"uagb_comment_info":0,"uagb_excerpt":"Contact Us Let\u2019s Chat ! Tell us your thoughts:Whether it\u2019s a business idea or just good vibes, we\u2019re ready for it. E-mail: \u2003Onit@306cma.comWhatsApp: \u2003+221 78 388 15 63 Based in: \u2003Dakar, Senegal Follow us and slide into our DMs anytime: \u00a0 Instagram Facebook Whatsapp Or Drop Us a Message Please enable JavaScript in your browser\u2026","jetpack_sharing_enabled":true,"_links":{"self":[{"href":"https:\/\/www.306cma.com\/fr\/wp-json\/wp\/v2\/pages\/1120","targetHints":{"allow":["GET"]}}],"collection":[{"href":"https:\/\/www.306cma.com\/fr\/wp-json\/wp\/v2\/pages"}],"about":[{"href":"https:\/\/www.306cma.com\/fr\/wp-json\/wp\/v2\/types\/page"}],"author":[{"embeddable":true,"href":"https:\/\/www.306cma.com\/fr\/wp-json\/wp\/v2\/users\/1"}],"replies":[{"embeddable":true,"href":"https:\/\/www.306cma.com\/fr\/wp-json\/wp\/v2\/comments?post=1120"}],"version-history":[{"count":44,"href":"https:\/\/www.306cma.com\/fr\/wp-json\/wp\/v2\/pages\/1120\/revisions"}],"predecessor-version":[{"id":2694,"href":"https:\/\/www.306cma.com\/fr\/wp-json\/wp\/v2\/pages\/1120\/revisions\/2694"}],"wp:attachment":[{"href":"https:\/\/www.306cma.com\/fr\/wp-json\/wp\/v2\/media?parent=1120"}],"curies":[{"name":"wp","href":"https:\/\/api.w.org\/{rel}","templated":true}]}}